{"id":302,"date":"2012-02-22T10:29:43","date_gmt":"2012-02-22T10:29:43","guid":{"rendered":"http:\/\/www.xn--schtze-foto-vhb.de\/?page_id=302"},"modified":"2018-11-27T11:23:02","modified_gmt":"2018-11-27T11:23:02","slug":"people","status":"publish","type":"page","link":"http:\/\/www.schuetze-foto.de\/?page_id=302","title":{"rendered":"Studio"},"content":{"rendered":"<p><img loading=\"lazy\" decoding=\"async\" class=\"aligncenter size-full wp-image-694\" src=\"http:\/\/www.schuetze-foto.de\/wp-content\/uploads\/2012\/02\/fotoholgio_59700_Kopie.jpg\" alt=\"\" width=\"975\" height=\"650\" srcset=\"http:\/\/www.schuetze-foto.de\/wp-content\/uploads\/2012\/02\/fotoholgio_59700_Kopie.jpg 975w, http:\/\/www.schuetze-foto.de\/wp-content\/uploads\/2012\/02\/fotoholgio_59700_Kopie-300x200.jpg 300w, http:\/\/www.schuetze-foto.de\/wp-content\/uploads\/2012\/02\/fotoholgio_59700_Kopie-305x203.jpg 305w\" sizes=\"auto, (max-width: 975px) 100vw, 975px\" \/>Der gro\u00dfe Vorteil von Aufnahmen im Studio ist, dass der Fotograf umfangreichen Einflu\u00df auf die Lichtsituation nehmen kann und das Modell &#8211; gesch\u00fctzt vor Au\u00dfeneinfl\u00fcssen oder Beobachtern &#8211; sich auf die fotografische Situation voll konzentrieren kann.<\/p>\n<p>Andererseits ist da &#8211; \u00e4hnlich wie bei einem Maler &#8211; eine leere Leinwand, die &#8222;gef\u00fcllt&#8220; werden soll. Es ist daher von Vorteil, wenn Sie als mein Modell mit konkreten Vorstellungen einen Studiotermin vereinbaren. In einem Vorgespr\u00e4ch k\u00f6nnen wir dann gemeinsam \u00fcber Realisieruzngsm\u00f6glichkeiten sprechen und einen Shootingplan ausarbeiten. Bezahlt wir dann nach dem tats\u00e4chlichem Aufwand, eine Verrechnung von einzelnen Bildern zu \u00fcberh\u00f6hten Preisen gibt es bei mir nicht.<\/p>\n","protected":false},"excerpt":{"rendered":"<p> [&hellip;]<\/p>\n","protected":false},"author":1,"featured_media":0,"parent":110,"menu_order":2,"comment_status":"closed","ping_status":"closed","template":"","meta":{"ngg_post_thumbnail":0,"footnotes":""},"class_list":["post-302","page","type-page","status-publish","hentry"],"_links":{"self":[{"href":"http:\/\/www.schuetze-foto.de\/index.php?rest_route=\/wp\/v2\/pages\/302","targetHints":{"allow":["GET"]}}],"collection":[{"href":"http:\/\/www.schuetze-foto.de\/index.php?rest_route=\/wp\/v2\/pages"}],"about":[{"href":"http:\/\/www.schuetze-foto.de\/index.php?rest_route=\/wp\/v2\/types\/page"}],"author":[{"embeddable":true,"href":"http:\/\/www.schuetze-foto.de\/index.php?rest_route=\/wp\/v2\/users\/1"}],"replies":[{"embeddable":true,"href":"http:\/\/www.schuetze-foto.de\/index.php?rest_route=%2Fwp%2Fv2%2Fcomments&post=302"}],"version-history":[{"count":10,"href":"http:\/\/www.schuetze-foto.de\/index.php?rest_route=\/wp\/v2\/pages\/302\/revisions"}],"predecessor-version":[{"id":1138,"href":"http:\/\/www.schuetze-foto.de\/index.php?rest_route=\/wp\/v2\/pages\/302\/revisions\/1138"}],"up":[{"embeddable":true,"href":"http:\/\/www.schuetze-foto.de\/index.php?rest_route=\/wp\/v2\/pages\/110"}],"wp:attachment":[{"href":"http:\/\/www.schuetze-foto.de\/index.php?rest_route=%2Fwp%2Fv2%2Fmedia&parent=302"}],"curies":[{"name":"wp","href":"https:\/\/api.w.org\/{rel}","templated":true}]}}