{"id":167,"date":"2012-02-17T18:51:55","date_gmt":"2012-02-17T18:51:55","guid":{"rendered":"http:\/\/www.xn--schtze-foto-vhb.de\/?page_id=167"},"modified":"2018-11-27T11:20:04","modified_gmt":"2018-11-27T11:20:04","slug":"portrait","status":"publish","type":"page","link":"http:\/\/www.schuetze-foto.de\/?page_id=167","title":{"rendered":"Portrait"},"content":{"rendered":"ngg_shortcode_0_placeholder\n<p>Ganz gleich, ob Sie Ihr Portrait klassisch oder ungew\u00f6hnlich haben m\u00f6chten, ob drau\u00dfen oder im Studio, ob Sie jung oder nicht mehr ganz jung sind &#8211;&nbsp; ein Portrait &#8211; das genau Ihrem Typ entspricht, ist f\u00fcr mich Herausforderung und Ansporn.<\/p>\n","protected":false},"excerpt":{"rendered":"<p> [&hellip;]<\/p>\n","protected":false},"author":1,"featured_media":697,"parent":110,"menu_order":1,"comment_status":"closed","ping_status":"closed","template":"","meta":{"ngg_post_thumbnail":0,"footnotes":""},"class_list":["post-167","page","type-page","status-publish","has-post-thumbnail","hentry"],"_links":{"self":[{"href":"http:\/\/www.schuetze-foto.de\/index.php?rest_route=\/wp\/v2\/pages\/167","targetHints":{"allow":["GET"]}}],"collection":[{"href":"http:\/\/www.schuetze-foto.de\/index.php?rest_route=\/wp\/v2\/pages"}],"about":[{"href":"http:\/\/www.schuetze-foto.de\/index.php?rest_route=\/wp\/v2\/types\/page"}],"author":[{"embeddable":true,"href":"http:\/\/www.schuetze-foto.de\/index.php?rest_route=\/wp\/v2\/users\/1"}],"replies":[{"embeddable":true,"href":"http:\/\/www.schuetze-foto.de\/index.php?rest_route=%2Fwp%2Fv2%2Fcomments&post=167"}],"version-history":[{"count":14,"href":"http:\/\/www.schuetze-foto.de\/index.php?rest_route=\/wp\/v2\/pages\/167\/revisions"}],"predecessor-version":[{"id":1132,"href":"http:\/\/www.schuetze-foto.de\/index.php?rest_route=\/wp\/v2\/pages\/167\/revisions\/1132"}],"up":[{"embeddable":true,"href":"http:\/\/www.schuetze-foto.de\/index.php?rest_route=\/wp\/v2\/pages\/110"}],"wp:featuredmedia":[{"embeddable":true,"href":"http:\/\/www.schuetze-foto.de\/index.php?rest_route=\/wp\/v2\/media\/697"}],"wp:attachment":[{"href":"http:\/\/www.schuetze-foto.de\/index.php?rest_route=%2Fwp%2Fv2%2Fmedia&parent=167"}],"curies":[{"name":"wp","href":"https:\/\/api.w.org\/{rel}","templated":true}]}}